{"id":29,"date":"2026-02-17T15:40:52","date_gmt":"2026-02-17T14:40:52","guid":{"rendered":"https:\/\/chateau-audignies.fr\/?page_id=29"},"modified":"2026-02-17T16:08:27","modified_gmt":"2026-02-17T15:08:27","slug":"accueil","status":"publish","type":"page","link":"https:\/\/chateau-audignies.fr\/","title":{"rendered":"Accueil"},"content":{"rendered":"\n<h1 class=\"wp-block-heading has-text-align-center\"><strong>Bienvenue au ch\u00e2teau d&rsquo;Audignies<\/strong><\/h1>\n\n\n\n<figure class=\"wp-block-image alignwide size-full\"><img loading=\"lazy\" decoding=\"async\" width=\"937\" height=\"602\" src=\"http:\/\/chateau-audignies.fr\/wp-content\/uploads\/2026\/02\/header-background-2.jpg\" alt=\"\" class=\"wp-image-22\" srcset=\"https:\/\/chateau-audignies.fr\/wp-content\/uploads\/2026\/02\/header-background-2.jpg 937w, https:\/\/chateau-audignies.fr\/wp-content\/uploads\/2026\/02\/header-background-2-300x193.jpg 300w, https:\/\/chateau-audignies.fr\/wp-content\/uploads\/2026\/02\/header-background-2-768x493.jpg 768w\" sizes=\"auto, (max-width: 937px) 100vw, 937px\" \/><\/figure>\n\n\n\n<h3 class=\"wp-block-heading\">Pr\u00e9sentation<\/h3>\n\n\n\n<p>Le chateau d&rsquo;Audignies, dont l&rsquo;origine remonte au d\u00e9but du XVe si\u00e8cle, est situ\u00e9 au sud de Bavay, \u00e0 mi-chemin entre Valenciennes et Maubeuge.<br>Inscrit aux Monuments historiques depuis 1984, il se visite chaque ann\u00e9e lors des Journ\u00e9es Europ\u00e9ennes du Patrimoine.<\/p>\n\n\n\n<p>Le chateau est constitu\u00e9 de trois ailes en \u00e9querre, entourant une cour centrale.<br>L&rsquo;ensemble est entour\u00e9 de douves toujours en eau, aliment\u00e9es par l&rsquo;Hogneau. L&rsquo;acc\u00e8s \u00e0 la cour se fait par un ancien pont-levis.<br>Une tour carr\u00e9e de 9 m\u00e8tres de c\u00f4t\u00e9 est situ\u00e9e dans l&rsquo;angle ouest. Les deux premiers niveaux de la tour, datant du XVe si\u00e8cle, sont \u00e9difi\u00e9s en gr\u00e8s et les deux derniers en brique.<br>A l&rsquo;oppos\u00e9, l&rsquo;aile sud constitue le corps de logis historique. Construit \u00e0 la m\u00eame \u00e9poque que la tour, il a \u00e9t\u00e9 reli\u00e9 \u00e0 cette derni\u00e8re par une adjonction au 17e si\u00e8cle, qui abrite le grand escalier desservant la tour, et qui constitue aujourd&rsquo;hui la facade principale. Le premier niveau de cette facade est \u00e9lev\u00e9 en gr\u00e8s, et surmont\u00e9 d&rsquo;un niveau en brique.<br>Un blason aux armes des seigneurs Du Mont domine la porte coch\u00e8re du pont-levis.<\/p>\n\n\n\n<h3 class=\"wp-block-heading\">Les origines<\/h3>\n\n\n\n<p><a href=\"file:\/\/\/G:\/Mon%20Drive\/PERSO\/Ceevee10%20-%20Copie\/images\/portfolio\/audignies-chateau-album-de-croy.jpg\"><\/a>L&rsquo;histoire attribue les origines du ch\u00e2teau \u00e0 Guillaume de Sars (1370-1438), au d\u00e9but du XVe si\u00e8cle, pendant la Guerre de cent ans.<br>Il a \u00e9t\u00e9 \u00e9rig\u00e9 en \u00ab\u00a0maison forte\u00a0\u00bb pour maintenir l&rsquo;ordre dans le Hainaut puis prot\u00e9ger les habitants.<br>Guillaume de Sars fut pr\u00e9v\u00f4t du Quesnoy (1409-18), puis Bailli de Hainaut (1418-22) et Chambellan Conseiller de Philippe le Bon (1427).<br>Le ch\u00e2teau appara\u00eet ensuite dans le testament dat\u00e9 de 1525 du seigneur Jean du Chasteler (poss\u00e9dant de nombreuses terres dans la r\u00e9gion, notamment la seigneurie de Wadimpr\u00e9au).<br>L&rsquo;image de l&rsquo;Album de Cro\u00ff montre le village d&rsquo;Audignies vers 1600 et le donjon sans toiture.<\/p>\n\n\n\n<h3 class=\"wp-block-heading\">Les agrandissements du XVIIe si\u00e8cle<\/h3>\n\n\n\n<p>Guillaume II du Mont, Bailli de Chimay et Beaumont, puis Conseiller Souverain de Hainaut, devint propri\u00e9taire du ch\u00e2teau qu&rsquo;il am\u00e9nagea pendant le premier quart du 17e si\u00e8cle, en r\u00e9unissant la tour et le corps de logis et en rehaussant la tour de deux niveaux.<\/p>\n\n\n\n<p>La transformation de la toiture du logis date du 18e si\u00e8cle. Les am\u00e9nagements et adjonctions de la fin du 19e si\u00e8cle ont rendu le ch\u00e2teau plus confortable.<\/p>\n\n\n\n<div class=\"wp-block-group alignfull has-background-color has-white-color has-black-background-color has-text-color has-background has-link-color wp-elements-06f4749b415f2609338317f60f0b85b3 is-vertical is-content-justification-stretch is-layout-flex wp-container-core-group-is-layout-48a3dbfb wp-block-group-is-layout-flex\" style=\"min-height:40vh;margin-top:0;margin-bottom:0;padding-top:var(--wp--preset--spacing--60);padding-right:var(--wp--preset--spacing--40);padding-bottom:var(--wp--preset--spacing--60);padding-left:var(--wp--preset--spacing--40)\">\n<div class=\"wp-block-columns alignwide has-small-font-size is-layout-flex wp-container-core-columns-is-layout-28f84493 wp-block-columns-is-layout-flex\">\n<div class=\"wp-block-column is-layout-flow wp-block-column-is-layout-flow\">\n<p class=\"has-text-align-center\">Adresse<\/p>\n\n\n\n<p class=\"has-text-align-center\">25 rue du ch\u00e2teau<br>59570 Audignies<br>France<\/p>\n\n\n\n<div style=\"height:24px\" aria-hidden=\"true\" class=\"wp-block-spacer\"><\/div>\n<\/div>\n\n\n\n<div class=\"wp-block-column is-layout-flow wp-block-column-is-layout-flow\">\n<p class=\"has-text-align-center\">Pages<\/p>\n\n\n<nav class=\"has-small-font-size items-justified-center is-vertical no-wrap wp-block-navigation is-content-justification-center is-nowrap is-layout-flex wp-container-core-navigation-is-layout-34a3ecb2 wp-block-navigation-is-layout-flex\" aria-label=\"Navigation\"><ul class=\"wp-block-navigation__container has-small-font-size items-justified-center is-vertical no-wrap wp-block-navigation has-small-font-size\"><ul class=\"has-small-font-size wp-block-page-list\"><li class=\"wp-block-pages-list__item wp-block-navigation-item open-on-hover-click menu-item-home\"><a class=\"wp-block-pages-list__item__link wp-block-navigation-item__content\" href=\"https:\/\/chateau-audignies.fr\/\">Accueil<\/a><\/li><li class=\"wp-block-pages-list__item wp-block-navigation-item open-on-hover-click\"><a class=\"wp-block-pages-list__item__link wp-block-navigation-item__content\" href=\"https:\/\/chateau-audignies.fr\/index.php\/calendrier-douverture-2026\/\">Calendrier<\/a><\/li><\/ul><\/ul><\/nav>\n\n\n<div style=\"height:24px\" aria-hidden=\"true\" class=\"wp-block-spacer\"><\/div>\n<\/div>\n\n\n\n<div class=\"wp-block-column is-layout-flow wp-block-column-is-layout-flow\">\n<p class=\"has-text-align-center\">Suivez-nous<\/p>\n\n\n\n<div class=\"wp-block-group is-vertical is-content-justification-center is-layout-flex wp-container-core-group-is-layout-0e868306 wp-block-group-is-layout-flex\">\n<p><a href=\"https:\/\/www.facebook.com\/audignies\/?locale=fr_FR\">Facebook<\/a><\/p>\n\n\n\n<p><\/p>\n\n\n\n<p><\/p>\n<\/div>\n\n\n\n<div style=\"height:24px\" aria-hidden=\"true\" class=\"wp-block-spacer\"><\/div>\n<\/div>\n<\/div>\n\n\n\n<div class=\"wp-block-group alignwide is-content-justification-center is-layout-flex wp-container-core-group-is-layout-c124d1c4 wp-block-group-is-layout-flex\">\n<p class=\"has-text-align-center has-small-font-size\"> Proudly powered by <a rel=\"nofollow\" href=\"https:\/\/wordpress.org\">WordPress<\/a> <\/p>\n<\/div>\n<\/div>\n","protected":false},"excerpt":{"rendered":"<p>Bienvenue au ch\u00e2teau d&rsquo;Audignies Pr\u00e9sentation Le chateau d&rsquo;Audignies, dont l&rsquo;origine remonte au d\u00e9but du XVe si\u00e8cle, est situ\u00e9 au sud [&hellip;]<\/p>\n","protected":false},"author":1,"featured_media":0,"parent":0,"menu_order":0,"comment_status":"closed","ping_status":"closed","template":"","meta":{"site-sidebar-layout":"default","site-content-layout":"","ast-site-content-layout":"default","site-content-style":"default","site-sidebar-style":"default","ast-global-header-display":"","ast-banner-title-visibility":"","ast-main-header-display":"","ast-hfb-above-header-display":"","ast-hfb-below-header-display":"","ast-hfb-mobile-header-display":"","site-post-title":"","ast-breadcrumbs-content":"","ast-featured-img":"","footer-sml-layout":"","ast-disable-related-posts":"","theme-transparent-header-meta":"","adv-header-id-meta":"","stick-header-meta":"","header-above-stick-meta":"","header-main-stick-meta":"","header-below-stick-meta":"","astra-migrate-meta-layouts":"default","ast-page-background-enabled":"default","ast-page-background-meta":{"desktop":{"background-color":"var(--ast-global-color-5)","background-image":"","background-repeat":"repeat","background-position":"center center","background-size":"auto","background-attachment":"scroll","background-type":"","background-media":"","overlay-type":"","overlay-color":"","overlay-opacity":"","overlay-gradient":""},"tablet":{"background-color":"","background-image":"","background-repeat":"repeat","background-position":"center center","background-size":"auto","background-attachment":"scroll","background-type":"","background-media":"","overlay-type":"","overlay-color":"","overlay-opacity":"","overlay-gradient":""},"mobile":{"background-color":"","background-image":"","background-repeat":"repeat","background-position":"center center","background-size":"auto","background-attachment":"scroll","background-type":"","background-media":"","overlay-type":"","overlay-color":"","overlay-opacity":"","overlay-gradient":""}},"ast-content-background-meta":{"desktop":{"background-color":"var(--ast-global-color-4)","background-image":"","background-repeat":"repeat","background-position":"center center","background-size":"auto","background-attachment":"scroll","background-type":"","background-media":"","overlay-type":"","overlay-color":"","overlay-opacity":"","overlay-gradient":""},"tablet":{"background-color":"var(--ast-global-color-4)","background-image":"","background-repeat":"repeat","background-position":"center center","background-size":"auto","background-attachment":"scroll","background-type":"","background-media":"","overlay-type":"","overlay-color":"","overlay-opacity":"","overlay-gradient":""},"mobile":{"background-color":"var(--ast-global-color-4)","background-image":"","background-repeat":"repeat","background-position":"center center","background-size":"auto","background-attachment":"scroll","background-type":"","background-media":"","overlay-type":"","overlay-color":"","overlay-opacity":"","overlay-gradient":""}},"footnotes":""},"class_list":["post-29","page","type-page","status-publish","hentry"],"_links":{"self":[{"href":"https:\/\/chateau-audignies.fr\/index.php\/wp-json\/wp\/v2\/pages\/29","targetHints":{"allow":["GET"]}}],"collection":[{"href":"https:\/\/chateau-audignies.fr\/index.php\/wp-json\/wp\/v2\/pages"}],"about":[{"href":"https:\/\/chateau-audignies.fr\/index.php\/wp-json\/wp\/v2\/types\/page"}],"author":[{"embeddable":true,"href":"https:\/\/chateau-audignies.fr\/index.php\/wp-json\/wp\/v2\/users\/1"}],"replies":[{"embeddable":true,"href":"https:\/\/chateau-audignies.fr\/index.php\/wp-json\/wp\/v2\/comments?post=29"}],"version-history":[{"count":3,"href":"https:\/\/chateau-audignies.fr\/index.php\/wp-json\/wp\/v2\/pages\/29\/revisions"}],"predecessor-version":[{"id":32,"href":"https:\/\/chateau-audignies.fr\/index.php\/wp-json\/wp\/v2\/pages\/29\/revisions\/32"}],"wp:attachment":[{"href":"https:\/\/chateau-audignies.fr\/index.php\/wp-json\/wp\/v2\/media?parent=29"}],"curies":[{"name":"wp","href":"https:\/\/api.w.org\/{rel}","templated":true}]}}